{"id":12,"date":"2014-08-30T15:30:04","date_gmt":"2014-08-30T15:30:04","guid":{"rendered":"https:\/\/retronaut.cz\/?page_id=12"},"modified":"2017-02-18T10:52:27","modified_gmt":"2017-02-18T09:52:27","slug":"o-nas","status":"publish","type":"page","link":"https:\/\/retronaut.cz\/CS\/info\/o-nas\/","title":{"rendered":"O n\u00e1s"},"content":{"rendered":"<p>Retronaut hled\u00e1, restauruje a prod\u00e1v\u00e1 retro\u00a0k\u0159esla z 50. &#8211; 70.let.\u00a0Vid\u00ed kr\u00e1su tam, kde si j\u00ed ka\u017ed\u00fd nev\u0161imne. Jsme na stejn\u00e9 vln\u011b?<\/p>\n<figure id=\"attachment_2061\" aria-describedby=\"caption-attachment-2061\" style=\"width: 600px\" class=\"wp-caption alignnone\"><a href=\"https:\/\/retronaut.cz\/wp-content\/uploads\/2014\/08\/foto_frantisek-vlcek.jpg\"><img loading=\"lazy\" class=\"wp-image-2061\" src=\"https:\/\/retronaut.cz\/wp-content\/uploads\/2014\/08\/foto_frantisek-vlcek.jpg\" alt=\"\" width=\"600\" height=\"444\" srcset=\"https:\/\/retronaut.cz\/wp-content\/uploads\/2014\/08\/foto_frantisek-vlcek.jpg 1220w, https:\/\/retronaut.cz\/wp-content\/uploads\/2014\/08\/foto_frantisek-vlcek-600x444.jpg 600w, https:\/\/retronaut.cz\/wp-content\/uploads\/2014\/08\/foto_frantisek-vlcek-300x222.jpg 300w, https:\/\/retronaut.cz\/wp-content\/uploads\/2014\/08\/foto_frantisek-vlcek-1024x757.jpg 1024w, https:\/\/retronaut.cz\/wp-content\/uploads\/2014\/08\/foto_frantisek-vlcek-642x475.jpg 642w, https:\/\/retronaut.cz\/wp-content\/uploads\/2014\/08\/foto_frantisek-vlcek-978x723.jpg 978w\" sizes=\"(max-width: 600px) 100vw, 600px\" \/><\/a><figcaption id=\"caption-attachment-2061\" class=\"wp-caption-text\">foto &#8211; Franti\u0161ek Vl\u010dek, MF DNES<\/figcaption><\/figure>\n<p>V\u0161echno\u00a0za\u010dalo u popelnic, kde sn\u011b\u017eilo na zaj\u00edmav\u00e9 k\u0159eslo.\u00a0Nem\u011bla\u00a0jsem to srdce ho tam nechat\u00a0&#8211; a\u017e pozd\u011bji jsem zjistila, \u017ee se jedn\u00e1 o legend\u00e1rn\u00ed H-269ku od Jind\u0159icha Halabaly. Repase dopadla fantasticky. A po n\u00ed i v\u0161echny dal\u0161\u00ed.<\/p>\n<p>Na kont\u011b m\u00e1me u\u017e n\u011bkolik stovek zrepasovan\u00fdch k\u0159esel.\u00a0A douf\u00e1m, \u017ee je\u0161t\u011b mnoho na\u0161ich klient\u016f n\u00e1m po\u0161le podobnou zpr\u00e1vu jako tento spokojen\u00fd majitel p\u00e1ru zrepasovan\u00fdch k\u0159es\u00edlek: <strong>\u201cDnes jsem se nemohl vypravit z domova, jak jsem se na n\u011b z\u00e1libn\u011b koukal.\u201d<\/strong><\/p>\n<p>T\u011b\u0161\u00edm se i na Va\u0161e k\u0159esla! Pavla<\/p>\n<p>&nbsp;<\/p>\n<p><a href=\"https:\/\/retronaut.cz\/wp-content\/uploads\/2017\/02\/MFDNES.pdf\">MFDNES<\/a>, 15.2.2017<\/p>","protected":false},"excerpt":{"rendered":"<p>Retronaut hled\u00e1, restauruje a prod\u00e1v\u00e1 retro\u00a0k\u0159esla z 50. &#8211; 70.let.\u00a0Vid\u00ed kr\u00e1su tam, kde si j\u00ed ka\u017ed\u00fd nev\u0161imne. Jsme na stejn\u00e9 vln\u011b? V\u0161echno\u00a0za\u010dalo u popelnic, kde sn\u011b\u017eilo na zaj\u00edmav\u00e9 k\u0159eslo.\u00a0Nem\u011bla\u00a0jsem to srdce ho tam nechat\u00a0&#8211; a\u017e pozd\u011bji jsem zjistila, \u017ee se jedn\u00e1 o legend\u00e1rn\u00ed H-269ku od Jind\u0159icha Halabaly. Repase dopadla fantasticky. A po n\u00ed i v\u0161echny [&hellip;]<\/p>\n","protected":false},"author":1,"featured_media":0,"parent":8,"menu_order":0,"comment_status":"closed","ping_status":"closed","template":"","meta":{"om_disable_all_campaigns":false,"inline_featured_image":false,"_monsterinsights_skip_tracking":false,"_monsterinsights_sitenote_active":false,"_monsterinsights_sitenote_note":"","_monsterinsights_sitenote_category":0},"acf":[],"aioseo_notices":[],"_links":{"self":[{"href":"https:\/\/retronaut.cz\/CS\/wp-json\/wp\/v2\/pages\/12"}],"collection":[{"href":"https:\/\/retronaut.cz\/CS\/wp-json\/wp\/v2\/pages"}],"about":[{"href":"https:\/\/retronaut.cz\/CS\/wp-json\/wp\/v2\/types\/page"}],"author":[{"embeddable":true,"href":"https:\/\/retronaut.cz\/CS\/wp-json\/wp\/v2\/users\/1"}],"replies":[{"embeddable":true,"href":"https:\/\/retronaut.cz\/CS\/wp-json\/wp\/v2\/comments?post=12"}],"version-history":[{"count":57,"href":"https:\/\/retronaut.cz\/CS\/wp-json\/wp\/v2\/pages\/12\/revisions"}],"predecessor-version":[{"id":2216,"href":"https:\/\/retronaut.cz\/CS\/wp-json\/wp\/v2\/pages\/12\/revisions\/2216"}],"up":[{"embeddable":true,"href":"https:\/\/retronaut.cz\/CS\/wp-json\/wp\/v2\/pages\/8"}],"wp:attachment":[{"href":"https:\/\/retronaut.cz\/CS\/wp-json\/wp\/v2\/media?parent=12"}],"curies":[{"name":"wp","href":"https:\/\/api.w.org\/{rel}","templated":true}]}}